{"id":8,"date":"2021-01-04T21:51:58","date_gmt":"2021-01-04T20:51:58","guid":{"rendered":"http:\/\/griecheathen.mtlit.de\/?page_id=8"},"modified":"2021-03-29T10:37:59","modified_gmt":"2021-03-29T08:37:59","slug":"impressum","status":"publish","type":"page","link":"https:\/\/team-vom-fach.de\/?page_id=8","title":{"rendered":"Impressum"},"content":{"rendered":"\t\t<div data-elementor-type=\"wp-page\" data-elementor-id=\"8\" class=\"elementor elementor-8\">\n\t\t\t\t\t\t<section class=\"elementor-section elementor-top-section elementor-element elementor-element-1475583 elementor-section-full_width elementor-section-content-middle elementor-section-stretched elementor-section-height-default elementor-section-height-default\" data-id=\"1475583\" data-element_type=\"section\" data-e-type=\"section\" data-settings=\"{&quot;stretch_section&quot;:&quot;section-stretched&quot;}\">\n\t\t\t\t\t\t<div class=\"elementor-container elementor-column-gap-extended\">\n\t\t\t\t\t<div class=\"elementor-column elementor-col-50 elementor-top-column elementor-element elementor-element-0557822\" data-id=\"0557822\" data-element_type=\"column\" data-e-type=\"column\">\n\t\t\t<div class=\"elementor-widget-wrap elementor-element-populated\">\n\t\t\t\t\t\t<div class=\"elementor-element elementor-element-ffaa15d elementor-widget elementor-widget-image\" data-id=\"ffaa15d\" data-element_type=\"widget\" data-e-type=\"widget\" data-widget_type=\"image.default\">\n\t\t\t\t<div class=\"elementor-widget-container\">\n\t\t\t\t\t\t\t\t\t\t\t\t\t\t\t\t<a href=\"https:\/\/team-vom-fach.de\/\">\n\t\t\t\t\t\t\t<img fetchpriority=\"high\" decoding=\"async\" width=\"887\" height=\"138\" src=\"https:\/\/team-vom-fach.de\/wp-content\/uploads\/Logo.png\" class=\"attachment-full size-full wp-image-603\" alt=\"\" srcset=\"https:\/\/team-vom-fach.de\/wp-content\/uploads\/Logo.png 887w, https:\/\/team-vom-fach.de\/wp-content\/uploads\/Logo-300x47.png 300w, https:\/\/team-vom-fach.de\/wp-content\/uploads\/Logo-768x119.png 768w\" sizes=\"(max-width: 887px) 100vw, 887px\" \/>\t\t\t\t\t\t\t\t<\/a>\n\t\t\t\t\t\t\t\t\t\t\t\t\t\t\t<\/div>\n\t\t\t\t<\/div>\n\t\t\t\t\t<\/div>\n\t\t<\/div>\n\t\t\t\t<div class=\"elementor-column elementor-col-50 elementor-top-column elementor-element elementor-element-0407bdf\" data-id=\"0407bdf\" data-element_type=\"column\" data-e-type=\"column\" data-settings=\"{&quot;background_background&quot;:&quot;classic&quot;}\">\n\t\t\t<div class=\"elementor-widget-wrap elementor-element-populated\">\n\t\t\t\t\t\t<div class=\"elementor-element elementor-element-32374f9 elementor-widget elementor-widget-ekit-nav-menu\" data-id=\"32374f9\" data-element_type=\"widget\" data-e-type=\"widget\" data-widget_type=\"ekit-nav-menu.default\">\n\t\t\t\t<div class=\"elementor-widget-container\">\n\t\t\t\t\t\t\t<nav class=\"ekit-wid-con ekit_menu_responsive_tablet\"\n\t\t\tdata-hamburger-icon=\"\"\n\t\t\tdata-hamburger-icon-type=\"icon\"\n\t\t\tdata-responsive-breakpoint=\"1024\">\n\t\t\t            <button class=\"elementskit-menu-hamburger elementskit-menu-toggler\"  type=\"button\" aria-label=\"hamburger-icon\">\n                                    <span class=\"elementskit-menu-hamburger-icon\"><\/span><span class=\"elementskit-menu-hamburger-icon\"><\/span><span class=\"elementskit-menu-hamburger-icon\"><\/span>\n                            <\/button>\n            <div id=\"ekit-megamenu-inhalt\" class=\"elementskit-menu-container elementskit-menu-offcanvas-elements elementskit-navbar-nav-default ekit-nav-menu-one-page- ekit-nav-dropdown-hover\"><ul id=\"menu-inhalt\" class=\"elementskit-navbar-nav elementskit-menu-po-right submenu-click-on-icon\"><li id=\"menu-item-504\" class=\"menu-item menu-item-type-custom menu-item-object-custom menu-item-home menu-item-504 nav-item elementskit-mobile-builder-content\" data-vertical-menu=750px><a href=\"https:\/\/team-vom-fach.de\/#\" class=\"ekit-menu-nav-link\">Home<\/a><\/li>\n<li id=\"menu-item-505\" class=\"menu-item menu-item-type-custom menu-item-object-custom menu-item-home menu-item-505 nav-item elementskit-mobile-builder-content\" data-vertical-menu=750px><a href=\"https:\/\/team-vom-fach.de\/#leistungen\" class=\"ekit-menu-nav-link\">Leistungen<\/a><\/li>\n<li id=\"menu-item-506\" class=\"menu-item menu-item-type-custom menu-item-object-custom menu-item-home menu-item-506 nav-item elementskit-mobile-builder-content\" data-vertical-menu=750px><a href=\"https:\/\/team-vom-fach.de\/#referenzen\" class=\"ekit-menu-nav-link\">Referenzen<\/a><\/li>\n<li id=\"menu-item-507\" class=\"menu-item menu-item-type-custom menu-item-object-custom menu-item-home menu-item-507 nav-item elementskit-mobile-builder-content\" data-vertical-menu=750px><a href=\"https:\/\/team-vom-fach.de\/#stellenangebote\" class=\"ekit-menu-nav-link\">Stellenangebote<\/a><\/li>\n<li id=\"menu-item-508\" class=\"menu-item menu-item-type-custom menu-item-object-custom menu-item-home menu-item-508 nav-item elementskit-mobile-builder-content\" data-vertical-menu=750px><a href=\"https:\/\/team-vom-fach.de\/#kontakt\" class=\"ekit-menu-nav-link\">Kontakt<\/a><\/li>\n<\/ul><div class=\"elementskit-nav-identity-panel\"><button class=\"elementskit-menu-close elementskit-menu-toggler\" type=\"button\">X<\/button><\/div><\/div>\n\t\t\t<div class=\"elementskit-menu-overlay elementskit-menu-offcanvas-elements elementskit-menu-toggler ekit-nav-menu--overlay\"><\/div>        <\/nav>\n\t\t\t\t\t\t<\/div>\n\t\t\t\t<\/div>\n\t\t\t\t\t<\/div>\n\t\t<\/div>\n\t\t\t\t\t<\/div>\n\t\t<\/section>\n\t\t\t\t<section class=\"elementor-section elementor-top-section elementor-element elementor-element-1f93d05 elementor-section-boxed elementor-section-height-default elementor-section-height-default\" data-id=\"1f93d05\" data-element_type=\"section\" data-e-type=\"section\">\n\t\t\t\t\t\t<div class=\"elementor-container elementor-column-gap-default\">\n\t\t\t\t\t<div class=\"elementor-column elementor-col-100 elementor-top-column elementor-element elementor-element-b0ce34e\" data-id=\"b0ce34e\" data-element_type=\"column\" data-e-type=\"column\">\n\t\t\t<div class=\"elementor-widget-wrap elementor-element-populated\">\n\t\t\t\t\t\t<div class=\"elementor-element elementor-element-2da6730 elementor-widget elementor-widget-heading\" data-id=\"2da6730\" data-element_type=\"widget\" data-e-type=\"widget\" data-widget_type=\"heading.default\">\n\t\t\t\t<div class=\"elementor-widget-container\">\n\t\t\t\t\t<h2 class=\"elementor-heading-title elementor-size-default\">Impressum<\/h2>\t\t\t\t<\/div>\n\t\t\t\t<\/div>\n\t\t\t\t\t<\/div>\n\t\t<\/div>\n\t\t\t\t\t<\/div>\n\t\t<\/section>\n\t\t\t\t<section class=\"elementor-section elementor-top-section elementor-element elementor-element-b4ba83e elementor-section-boxed elementor-section-height-default elementor-section-height-default\" data-id=\"b4ba83e\" data-element_type=\"section\" data-e-type=\"section\">\n\t\t\t\t\t\t<div class=\"elementor-container elementor-column-gap-default\">\n\t\t\t\t\t<div class=\"elementor-column elementor-col-100 elementor-top-column elementor-element elementor-element-06b6e3a\" data-id=\"06b6e3a\" data-element_type=\"column\" data-e-type=\"column\">\n\t\t\t<div class=\"elementor-widget-wrap elementor-element-populated\">\n\t\t\t\t\t\t<div class=\"elementor-element elementor-element-22e74f2 elementor-widget elementor-widget-text-editor\" data-id=\"22e74f2\" data-element_type=\"widget\" data-e-type=\"widget\" data-widget_type=\"text-editor.default\">\n\t\t\t\t<div class=\"elementor-widget-container\">\n\t\t\t\t\t\t\t\t\t<h2>Anbieterinformationen<\/h2>\n<p>\u00a0<br \/>hubert DACH GMBH<br \/>Maik Hubert , Dachdeckermeister<\/p>\n<p>Neue Stra\u00dfe 45b<br \/>04703 Leisnig \/ B\u00f6rtewitz<br \/>Deutschland<br \/>\u00a0<br \/>Telefon +49 (0)34321 &#8211; 627 666<br \/>\u00a0Fax\u00a0 \u00a0 \u00a0 \u00a0+49 (0)34321 &#8211; 627 667<br \/>\u00a0Mobil\u00a0 \u00a0+49 (0)172 &#8211; 91 26 687<br \/>\u00a0<br \/>Web\u00a0 \u00a0 \u00a0www.team-vom-fach.de\u00a0<br \/>E-Mail info@team-vom-fach.de<\/p>\n<h2><br \/>Rechtliche Angaben<\/h2>\n<p>\u00a0<br \/>Vertretungsberechtigt: Maik Hubert (\u00a0info@team-vom-fach.de)<br \/>Inhaltlich Verantwortlicher gem\u00e4\u00df TMG: Verantwortlicher i.S.d. Presserechts: Maik Hubert (\u00a0info@team-vom-fach.de)<\/p>\n<h3>\u00a0<\/h3>\n<h3>Realisierung &amp; Design<\/h3>\n<p><a href=\"https:\/\/pappert-it.de\">\u00a0Pappert IT Systeme<\/a><\/p>\n<h3><br \/>Bildquellen und -rechte<\/h3>\n<h2><br \/><br \/>Weitere Informationen<\/h2>\n<p>\u00a0<br \/>Trotz sorgf\u00e4ltiger inhaltlicher Kontrolle \u00fcbernehmen wir keine Haftung f\u00fcr die Inhalte externer Links. F\u00fcr den Inhalt der verlinkten Seiten sind ausschlie\u00dflich deren Betreiber verantwortlich.<\/p>\n<p>Alle hier verwendeten Namen, Begriffe, Zeichen und Grafiken k\u00f6nnen Marken- oder Warenzeichen im Besitze ihrer rechtlichen Eigent\u00fcmer sein. Die Rechte aller erw\u00e4hnten und benutzten Marken- und Warenzeichen liegen ausschlie\u00dflich bei deren Besitzern.<\/p>\t\t\t\t\t\t\t\t<\/div>\n\t\t\t\t<\/div>\n\t\t\t\t\t<\/div>\n\t\t<\/div>\n\t\t\t\t\t<\/div>\n\t\t<\/section>\n\t\t\t\t<\/div>\n\t\t","protected":false},"excerpt":{"rendered":"<p>Home Leistungen Referenzen Stellenangebote Kontakt X Impressum Anbieterinformationen \u00a0hubert DACH GMBHMaik Hubert , Dachdeckermeister Neue Stra\u00dfe 45b04703 Leisnig \/ B\u00f6rtewitzDeutschland\u00a0Telefon +49 (0)34321 &#8211; 627 666\u00a0Fax\u00a0 \u00a0 \u00a0 \u00a0+49 (0)34321 &#8211; 627 667\u00a0Mobil\u00a0 \u00a0+49 (0)172 &#8211; 91 26 687\u00a0Web\u00a0 \u00a0 \u00a0www.team-vom-fach.de\u00a0E-Mail info@team-vom-fach.de Rechtliche Angaben \u00a0Vertretungsberechtigt: Maik Hubert (\u00a0info@team-vom-fach.de)Inhaltlich Verantwortlicher gem\u00e4\u00df TMG: Verantwortlicher i.S.d. Presserechts: Maik Hubert [&hellip;]<\/p>\n","protected":false},"author":1,"featured_media":0,"parent":0,"menu_order":0,"comment_status":"closed","ping_status":"closed","template":"","meta":{"footnotes":""},"class_list":["post-8","page","type-page","status-publish","hentry"],"_links":{"self":[{"href":"https:\/\/team-vom-fach.de\/index.php?rest_route=\/wp\/v2\/pages\/8","targetHints":{"allow":["GET"]}}],"collection":[{"href":"https:\/\/team-vom-fach.de\/index.php?rest_route=\/wp\/v2\/pages"}],"about":[{"href":"https:\/\/team-vom-fach.de\/index.php?rest_route=\/wp\/v2\/types\/page"}],"author":[{"embeddable":true,"href":"https:\/\/team-vom-fach.de\/index.php?rest_route=\/wp\/v2\/users\/1"}],"replies":[{"embeddable":true,"href":"https:\/\/team-vom-fach.de\/index.php?rest_route=%2Fwp%2Fv2%2Fcomments&post=8"}],"version-history":[{"count":10,"href":"https:\/\/team-vom-fach.de\/index.php?rest_route=\/wp\/v2\/pages\/8\/revisions"}],"predecessor-version":[{"id":796,"href":"https:\/\/team-vom-fach.de\/index.php?rest_route=\/wp\/v2\/pages\/8\/revisions\/796"}],"wp:attachment":[{"href":"https:\/\/team-vom-fach.de\/index.php?rest_route=%2Fwp%2Fv2%2Fmedia&parent=8"}],"curies":[{"name":"wp","href":"https:\/\/api.w.org\/{rel}","templated":true}]}}