{"id":10,"date":"2021-01-04T21:52:59","date_gmt":"2021-01-04T20:52:59","guid":{"rendered":"http:\/\/griecheathen.mtlit.de\/?page_id=10"},"modified":"2021-03-29T10:38:30","modified_gmt":"2021-03-29T08:38:30","slug":"datenschutzerklaerung","status":"publish","type":"page","link":"https:\/\/team-vom-fach.de\/?page_id=10","title":{"rendered":"Datenschutzerkl\u00e4rung"},"content":{"rendered":"\t\t<div data-elementor-type=\"wp-page\" data-elementor-id=\"10\" class=\"elementor elementor-10\">\n\t\t\t\t\t\t<section class=\"elementor-section elementor-top-section elementor-element elementor-element-ac39d33 elementor-section-full_width elementor-section-content-middle elementor-section-stretched elementor-section-height-default elementor-section-height-default\" data-id=\"ac39d33\" data-element_type=\"section\" data-e-type=\"section\" data-settings=\"{&quot;stretch_section&quot;:&quot;section-stretched&quot;}\">\n\t\t\t\t\t\t<div class=\"elementor-container elementor-column-gap-extended\">\n\t\t\t\t\t<div class=\"elementor-column elementor-col-50 elementor-top-column elementor-element elementor-element-4e5cb72\" data-id=\"4e5cb72\" data-element_type=\"column\" data-e-type=\"column\">\n\t\t\t<div class=\"elementor-widget-wrap elementor-element-populated\">\n\t\t\t\t\t\t<div class=\"elementor-element elementor-element-4dde755 elementor-widget elementor-widget-image\" data-id=\"4dde755\" data-element_type=\"widget\" data-e-type=\"widget\" data-widget_type=\"image.default\">\n\t\t\t\t<div class=\"elementor-widget-container\">\n\t\t\t\t\t\t\t\t\t\t\t\t\t\t\t<img fetchpriority=\"high\" decoding=\"async\" width=\"887\" height=\"138\" src=\"https:\/\/team-vom-fach.de\/wp-content\/uploads\/Logo.png\" class=\"attachment-full size-full wp-image-603\" alt=\"\" srcset=\"https:\/\/team-vom-fach.de\/wp-content\/uploads\/Logo.png 887w, https:\/\/team-vom-fach.de\/wp-content\/uploads\/Logo-300x47.png 300w, https:\/\/team-vom-fach.de\/wp-content\/uploads\/Logo-768x119.png 768w\" sizes=\"(max-width: 887px) 100vw, 887px\" \/>\t\t\t\t\t\t\t\t\t\t\t\t\t\t\t<\/div>\n\t\t\t\t<\/div>\n\t\t\t\t\t<\/div>\n\t\t<\/div>\n\t\t\t\t<div class=\"elementor-column elementor-col-50 elementor-top-column elementor-element elementor-element-c4fdcd8\" data-id=\"c4fdcd8\" data-element_type=\"column\" data-e-type=\"column\" data-settings=\"{&quot;background_background&quot;:&quot;classic&quot;}\">\n\t\t\t<div class=\"elementor-widget-wrap elementor-element-populated\">\n\t\t\t\t\t\t<div class=\"elementor-element elementor-element-616e77d elementor-widget elementor-widget-ekit-nav-menu\" data-id=\"616e77d\" data-element_type=\"widget\" data-e-type=\"widget\" data-widget_type=\"ekit-nav-menu.default\">\n\t\t\t\t<div class=\"elementor-widget-container\">\n\t\t\t\t\t\t\t<nav class=\"ekit-wid-con ekit_menu_responsive_tablet\"\n\t\t\tdata-hamburger-icon=\"\"\n\t\t\tdata-hamburger-icon-type=\"icon\"\n\t\t\tdata-responsive-breakpoint=\"1024\">\n\t\t\t            <button class=\"elementskit-menu-hamburger elementskit-menu-toggler\"  type=\"button\" aria-label=\"hamburger-icon\">\n                                    <span class=\"elementskit-menu-hamburger-icon\"><\/span><span class=\"elementskit-menu-hamburger-icon\"><\/span><span class=\"elementskit-menu-hamburger-icon\"><\/span>\n                            <\/button>\n            <div id=\"ekit-megamenu-inhalt\" class=\"elementskit-menu-container elementskit-menu-offcanvas-elements elementskit-navbar-nav-default ekit-nav-menu-one-page- ekit-nav-dropdown-hover\"><ul id=\"menu-inhalt\" class=\"elementskit-navbar-nav elementskit-menu-po-right submenu-click-on-icon\"><li id=\"menu-item-504\" class=\"menu-item menu-item-type-custom menu-item-object-custom menu-item-home menu-item-504 nav-item elementskit-mobile-builder-content\" data-vertical-menu=750px><a href=\"https:\/\/team-vom-fach.de\/#\" class=\"ekit-menu-nav-link\">Home<\/a><\/li>\n<li id=\"menu-item-505\" class=\"menu-item menu-item-type-custom menu-item-object-custom menu-item-home menu-item-505 nav-item elementskit-mobile-builder-content\" data-vertical-menu=750px><a href=\"https:\/\/team-vom-fach.de\/#leistungen\" class=\"ekit-menu-nav-link\">Leistungen<\/a><\/li>\n<li id=\"menu-item-506\" class=\"menu-item menu-item-type-custom menu-item-object-custom menu-item-home menu-item-506 nav-item elementskit-mobile-builder-content\" data-vertical-menu=750px><a href=\"https:\/\/team-vom-fach.de\/#referenzen\" class=\"ekit-menu-nav-link\">Referenzen<\/a><\/li>\n<li id=\"menu-item-507\" class=\"menu-item menu-item-type-custom menu-item-object-custom menu-item-home menu-item-507 nav-item elementskit-mobile-builder-content\" data-vertical-menu=750px><a href=\"https:\/\/team-vom-fach.de\/#stellenangebote\" class=\"ekit-menu-nav-link\">Stellenangebote<\/a><\/li>\n<li id=\"menu-item-508\" class=\"menu-item menu-item-type-custom menu-item-object-custom menu-item-home menu-item-508 nav-item elementskit-mobile-builder-content\" data-vertical-menu=750px><a href=\"https:\/\/team-vom-fach.de\/#kontakt\" class=\"ekit-menu-nav-link\">Kontakt<\/a><\/li>\n<\/ul><div class=\"elementskit-nav-identity-panel\"><button class=\"elementskit-menu-close elementskit-menu-toggler\" type=\"button\">X<\/button><\/div><\/div>\n\t\t\t<div class=\"elementskit-menu-overlay elementskit-menu-offcanvas-elements elementskit-menu-toggler ekit-nav-menu--overlay\"><\/div>        <\/nav>\n\t\t\t\t\t\t<\/div>\n\t\t\t\t<\/div>\n\t\t\t\t\t<\/div>\n\t\t<\/div>\n\t\t\t\t\t<\/div>\n\t\t<\/section>\n\t\t\t\t<section class=\"elementor-section elementor-top-section elementor-element elementor-element-2982c99c elementor-section-boxed elementor-section-height-default elementor-section-height-default\" data-id=\"2982c99c\" data-element_type=\"section\" data-e-type=\"section\">\n\t\t\t\t\t\t<div class=\"elementor-container elementor-column-gap-default\">\n\t\t\t\t\t<div class=\"elementor-column elementor-col-100 elementor-top-column elementor-element elementor-element-3e7b685c\" data-id=\"3e7b685c\" data-element_type=\"column\" data-e-type=\"column\">\n\t\t\t<div class=\"elementor-widget-wrap elementor-element-populated\">\n\t\t\t\t\t\t<div class=\"elementor-element elementor-element-2286f2e2 elementor-widget elementor-widget-text-editor\" data-id=\"2286f2e2\" data-element_type=\"widget\" data-e-type=\"widget\" data-widget_type=\"text-editor.default\">\n\t\t\t\t<div class=\"elementor-widget-container\">\n\t\t\t\t\t\t\t\t\t\n<h1>Datenschutz<\/h1>\n<p>Die Betreiber dieser Seiten nehmen den Schutz Ihrer pers\u00f6nlichen Daten sehr ernst. Wir behandeln Ihre personenbezogenen Daten vertraulich und entsprechend der gesetzlichen Datenschutzvorschriften sowie dieser Datenschutzerkl\u00e4rung.<\/p>\n\n<p>Die Nutzung unserer Website ist in der Regel ohne Angabe personenbezogener Daten m\u00f6glich. Soweit auf unseren Seiten personenbezogene Daten (beispielsweise Name, Anschrift oder E-Mail-Adressen) erhoben werden, erfolgt dies, soweit m\u00f6glich, stets auf freiwilliger Basis. Diese Daten werden ohne Ihre ausdr\u00fcckliche Zustimmung nicht an Dritte weitergegeben.<\/p>\n\n<p>Wir weisen darauf hin, dass die Daten\u00fcbertragung im Internet (z.B. bei der Kommunikation per E-Mail) Sicherheitsl\u00fccken aufweisen kann. Ein l\u00fcckenloser Schutz der Daten vor dem Zugriff durch Dritte ist nicht m\u00f6glich.<\/p>\n\n<h3>Cookies<\/h3>\n<p>Cookies sind Textdateien, die automatisch bei dem Aufruf einer Webseite lokal im Browser des Besuchers abgelegt werden. Diese Website setzt Cookies ein, um das Angebot nutzerfreundlich und funktionaler zu gestalten. Dank dieser Dateien ist es beispielsweise m\u00f6glich, auf individuelle Interessen abgestimmte Informationen auf einer Seite anzuzeigen. Auch Sicherheitsrelevante Funktionen zum Schutz Ihrer Privatsph\u00e4re werden durch den Einsatz von Cookies erm\u00f6glicht. Der ausschlie\u00dfliche Zweck besteht also darin, unser Angebot Ihren Kundenw\u00fcnschen bestm\u00f6glich anzupassen und die Seiten-Nutzung so komfortabel wie m\u00f6glich zu gestalten. Mit Anwendung der DSGVO 2018 sind Webmaster dazu verpflichtet, der unter https:\/\/eu-datenschutz.org\/ ver\u00f6ffentlichten Grundverordnung Folge zu leisten und seine Nutzer entsprechend \u00fcber die Erfassung und Auswertung von Daten in Kenntnis zu setzen. Die Rechtm\u00e4\u00dfigkeit der Verarbeitung ist in Kapitel 2, Artikel 6 der DSGVO begr\u00fcndet.<\/p>\n\n<h3>Server-Log-Files<\/h3>\n<p>Der Provider der Seiten erhebt und speichert automatisch Informationen in so genannten Server-Log Files, die Ihr Browser automatisch an uns \u00fcbermittelt. Dies sind:<\/p>\n\n<p>Browsertyp und Browserversion<br \/>verwendetes Betriebssystem<br \/>Referrer URL<br \/>Hostname des zugreifenden Rechners<br \/>Uhrzeit der Serveranfrage<br \/>Diese Daten sind nicht bestimmten Personen zuordenbar. Eine Zusammenf\u00fchrung dieser Daten mit anderen Datenquellen wird nicht vorgenommen. Wir behalten uns vor, diese Daten nachtr\u00e4glich zu pr\u00fcfen, wenn uns konkrete Anhaltspunkte f\u00fcr eine rechtswidrige Nutzung bekannt werden.<\/p>\n\n<h3>Besucherstatistik<\/h3>\n<p>Diese Webseite verwendet das PlugIn Statify. Nach Aussage der Entwickler werden keine personenbezogenen Daten durch dieses Plugin erhoben. Alle Aufrufstatistiken werden nach 2 Wochen gel\u00f6scht.<\/p>\n\n<h3>Recht auf Auskunft, L\u00f6schung, Sperrung<\/h3>\n<p>Sie haben jederzeit das Recht auf unentgeltliche Auskunft \u00fcber Ihre gespeicherten personenbezogenen Daten, deren Herkunft und Empf\u00e4nger und den Zweck der Datenverarbeitung sowie ein Recht auf Berichtigung, Sperrung oder L\u00f6schung dieser Daten. Hierzu sowie zu weiteren Fragen zum Thema personenbezogene Daten k\u00f6nnen Sie sich jederzeit unter der im Impressum angegebenen Adresse an uns wenden.<\/p>\n\n<h3>Widerspruch Werbe-Mails<\/h3>\n<p>Der Nutzung von im Rahmen der Impressumspflicht ver\u00f6ffentlichten Kontaktdaten zur \u00dcbersendung von nicht ausdr\u00fccklich angeforderter Werbung und Informationsmaterialien wird hiermit widersprochen. Die Betreiber der Seiten behalten sich ausdr\u00fccklich rechtliche Schritte im Falle der unverlangten Zusendung von Werbeinformationen, etwa durch Spam-E-Mails, vor.<\/p>\n\n<p>Quelle: e-recht24.de<\/p>\n\t\t\t\t\t\t\t\t<\/div>\n\t\t\t\t<\/div>\n\t\t\t\t\t<\/div>\n\t\t<\/div>\n\t\t\t\t\t<\/div>\n\t\t<\/section>\n\t\t\t\t<\/div>\n\t\t","protected":false},"excerpt":{"rendered":"<p>Home Leistungen Referenzen Stellenangebote Kontakt X Datenschutz Die Betreiber dieser Seiten nehmen den Schutz Ihrer pers\u00f6nlichen Daten sehr ernst. Wir behandeln Ihre personenbezogenen Daten vertraulich und entsprechend der gesetzlichen Datenschutzvorschriften sowie dieser Datenschutzerkl\u00e4rung. Die Nutzung unserer Website ist in der Regel ohne Angabe personenbezogener Daten m\u00f6glich. Soweit auf unseren Seiten personenbezogene Daten (beispielsweise Name, Anschrift [&hellip;]<\/p>\n","protected":false},"author":1,"featured_media":0,"parent":0,"menu_order":0,"comment_status":"closed","ping_status":"closed","template":"","meta":{"footnotes":""},"class_list":["post-10","page","type-page","status-publish","hentry"],"_links":{"self":[{"href":"https:\/\/team-vom-fach.de\/index.php?rest_route=\/wp\/v2\/pages\/10","targetHints":{"allow":["GET"]}}],"collection":[{"href":"https:\/\/team-vom-fach.de\/index.php?rest_route=\/wp\/v2\/pages"}],"about":[{"href":"https:\/\/team-vom-fach.de\/index.php?rest_route=\/wp\/v2\/types\/page"}],"author":[{"embeddable":true,"href":"https:\/\/team-vom-fach.de\/index.php?rest_route=\/wp\/v2\/users\/1"}],"replies":[{"embeddable":true,"href":"https:\/\/team-vom-fach.de\/index.php?rest_route=%2Fwp%2Fv2%2Fcomments&post=10"}],"version-history":[{"count":10,"href":"https:\/\/team-vom-fach.de\/index.php?rest_route=\/wp\/v2\/pages\/10\/revisions"}],"predecessor-version":[{"id":799,"href":"https:\/\/team-vom-fach.de\/index.php?rest_route=\/wp\/v2\/pages\/10\/revisions\/799"}],"wp:attachment":[{"href":"https:\/\/team-vom-fach.de\/index.php?rest_route=%2Fwp%2Fv2%2Fmedia&parent=10"}],"curies":[{"name":"wp","href":"https:\/\/api.w.org\/{rel}","templated":true}]}}